{"id":5978,"date":"2025-01-15T21:37:15","date_gmt":"2025-01-15T20:37:15","guid":{"rendered":"https:\/\/spillbarrier.com\/aviso-legal\/"},"modified":"2025-05-23T12:08:15","modified_gmt":"2025-05-23T10:08:15","slug":"aviso-legal","status":"publish","type":"page","link":"https:\/\/spillbarrier.com\/es\/aviso-legal\/","title":{"rendered":"Aviso legal"},"content":{"rendered":"\n<div class=\"wp-block-uagb-container uagb-block-20c67314 alignfull uagb-is-root-container\"><div class=\"uagb-container-inner-blocks-wrap\">\n<h1 class=\"wp-block-heading\">Aviso legal<\/h1>\n\n\n\n<p class=\"wp-block-paragraph\"><strong>Anhamm Liquid Barrier Products LLC<\/strong><br \/>820 Lake Road, Webster<br \/>NY 14580-9008<\/p>\n\n\n\n<p class=\"wp-block-paragraph\">Tel: +15855403050<br \/>Correo electr\u00f3nico: <a>info@spillbarrier.com<\/a><\/p>\n\n\n\n<p class=\"wp-block-paragraph\"><strong>Director Gerente:<\/strong><br \/>Esther Anhamm-Kmiecinski, Dipl.-Ing. (FH) Dag Anhamm<\/p>\n\n\n\n<p class=\"wp-block-paragraph\"><strong>N\u00famero de Registro Mercantil:<\/strong> HRB 9406<br \/><strong>Tribunal de Registro:<\/strong> Juzgado de Distrito de Kleve<br \/><strong>N\u00famero de identificaci\u00f3n a efectos del IVA:<\/strong> DE263097506<\/p>\n\n\n\n<p class=\"wp-block-paragraph\"><strong>Responsable seg\u00fan la Ley alemana de Telemedios:<\/strong><br \/>Dipl.-Ing. (FH) Dag Anhamm<br \/>Tel: +15855403050<br \/>Correo electr\u00f3nico: <a>info@spillbarrier.com<\/a><\/p>\n\n\n\n<hr class=\"wp-block-separator has-alpha-channel-opacity\" \/>\n\n\n\n<h2 class=\"wp-block-heading\">Protecci\u00f3n de tus datos personales<\/h2>\n\n\n\n<p class=\"wp-block-paragraph\">Los propietarios y operadores de este sitio web son E. Anhamm-Kmiecinski y Dag Anhamm. La protecci\u00f3n de los datos personales en l\u00ednea es de la m\u00e1xima importancia para nosotros. En Anhamm queremos que tu visita online sea satisfactoria y segura.  <\/p>\n\n\n\n<h3 class=\"wp-block-heading\">Datos recogidos por Anhamm<\/h3>\n\n\n\n<p class=\"wp-block-paragraph\">Anhamm recoge los siguientes tipos de datos:<\/p>\n\n\n\n<ul class=\"wp-block-list\">\n<li><strong>Datos de seguimiento agregados<\/strong>, que consisten principalmente en informaci\u00f3n estad\u00edstica sobre las visitas a las p\u00e1ginas de nuestros sitios web.<\/li>\n<\/ul>\n\n\n\n<p class=\"wp-block-paragraph\">Estos datos nos permiten adaptar mejor nuestro contenido a las necesidades de nuestros lectores y proporcionan a nuestros socios publicitarios y patrocinadores informaci\u00f3n sobre la composici\u00f3n demogr\u00e1fica de nuestra audiencia. La Anhamm no comparte, bajo ninguna circunstancia, informaci\u00f3n sobre usuarios individuales con terceros. <\/p>\n\n\n\n<h3 class=\"wp-block-heading\">Seguimiento del uso y consentimiento<\/h3>\n\n\n\n<p class=\"wp-block-paragraph\">Anhamm rastrea los patrones de acceso en todos sus sitios web. Sin embargo, no vinculamos estos datos a la informaci\u00f3n individual de los usuarios. <\/p>\n\n\n\n<p class=\"wp-block-paragraph\">Analizamos las estad\u00edsticas generales de los usuarios bas\u00e1ndonos en los nombres de dominio, el tipo de navegador y el tipo MIME, extrayendo esta informaci\u00f3n de la cadena del navegador (que se incluye en el navegador de cada usuario).<\/p>\n\n\n\n<h3 class=\"wp-block-heading\">Tu consentimiento<\/h3>\n\n\n\n<p class=\"wp-block-paragraph\">Al utilizar este sitio web, das tu consentimiento para que Anhamm recopile y utilice estos datos. Si realizamos alg\u00fan cambio en nuestra pol\u00edtica de privacidad, lo publicaremos en esta p\u00e1gina. As\u00ed nos aseguramos de que siempre sepas qu\u00e9 datos recopilamos, c\u00f3mo los utilizamos y en qu\u00e9 circunstancias podemos revelarlos.  <\/p>\n<\/div><\/div>\n\n<div class=\"wp-block-uagb-container uagb-block-c84325e4 alignfull uagb-is-root-container\"><div class=\"uagb-container-inner-blocks-wrap\">\n<div class=\"wp-block-uagb-info-box uagb-block-d8a09d88 uagb-infobox__content-wrap  uagb-infobox-icon-above-title uagb-infobox-image-valign-top\"><div class=\"uagb-ifb-content\"><div class=\"uagb-ifb-title-wrap\"><h3 class=\"uagb-ifb-title\">M\u00e1s informaci\u00f3n &#8211; \u00a1Obt\u00e9n asesoramiento experto!<\/h3><\/div><p class=\"uagb-ifb-desc\">Descubre nuestros sistemas de barrera antiderrame sin mantenimiento y energ\u00e9ticamente independientes, que garantizan la m\u00e1xima protecci\u00f3n para tus instalaciones y un futuro sostenible. Ll\u00e1manos ahora o utiliza nuestro formulario de contacto para encontrar la soluci\u00f3n ideal para tus necesidades. <\/p><div class=\"uagb-ifb-button-wrapper wp-block-button\"><a href=\"https:\/\/spillbarrier.com\/es\/ponte-en-contacto-con\/\" class=\"uagb-infobox-cta-link wp-block-button__link\" target=\"_self\" rel=\"noopener noreferrer\"><span class=\"uagb-inline-editing\">Contacta con nosotros<\/span><\/a><\/div><\/div><\/div>\n<\/div><\/div>\n\n<div class=\"wp-block-uagb-container uagb-block-c26e4bc8 alignfull uagb-is-root-container\"><div class=\"uagb-container-inner-blocks-wrap\">\n<div class=\"wp-block-uagb-container uagb-block-c7d2a7c2\">\n<div class=\"wp-block-uagb-container uagb-block-32e74881 alignfull uagb-is-root-container\"><div class=\"uagb-container-inner-blocks-wrap\">\n<div class=\"wp-block-uagb-image alignleft uagb-block-3981cea3 wp-block-uagb-image--layout-default wp-block-uagb-image--effect-static wp-block-uagb-image--align-left\"><figure class=\"wp-block-uagb-image__figure\"><img decoding=\"async\" src=\"https:\/\/klappschott.de\/wp-content\/uploads\/2025\/01\/anhamm_logo-wei9F.webp\" alt=\"\" class=\"uag-image-2033\" width=\"200\" height=\"104\" title=\"anhamm_logo-wei9F\" loading=\"lazy\" role=\"img\"><\/figure><\/div>\n<\/div><\/div>\n<\/div>\n\n\n\n<div class=\"wp-block-uagb-container uagb-block-fb929754\">\n<p class=\"has-text-align-center has-ast-global-color-5-color has-text-color has-link-color has-small-font-size wp-elements-882cf6d1c5abde85d1bc5b8ddbf6b3e1 wp-block-paragraph\" style=\"margin-top:0px;margin-bottom:0px\">anhamm Liquid Barrier Products GmbH<\/p>\n\n\n\n<p class=\"has-text-align-center has-ast-global-color-5-color has-text-color has-link-color has-small-font-size wp-elements-bdc966b68ecc77901eea3b4236176eba wp-block-paragraph\" style=\"margin-top:0px;margin-bottom:0px\">Franz-Haniel-Strasse 47<\/p>\n\n\n\n<p class=\"has-text-align-center has-ast-global-color-5-color has-text-color has-link-color has-small-font-size wp-elements-1d249ebf011c506c66de20050cbea517 wp-block-paragraph\" style=\"margin-top:0px;margin-bottom:0px\">47443 Moers, Alemania<\/p>\n\n\n\n<p class=\"has-text-align-center has-ast-global-color-5-color has-text-color has-link-color has-small-font-size wp-elements-cf6b9e07172349c820484ab3c3ebc1ca wp-block-paragraph\" style=\"margin-top:0px;margin-bottom:0px\"><a href=\"mailto:info@klappschott.de\">info@spillbarrier.com<\/a><\/p>\n<\/div>\n\n\n\n<div class=\"wp-block-uagb-container uagb-block-5b236326\">\n<p class=\"has-text-align-center has-ast-global-color-5-color has-text-color has-link-color has-small-font-size wp-elements-25ca7fa530b69f27dc08eec993250d9a wp-block-paragraph\" style=\"margin-top:0;margin-bottom:0;padding-top:0;padding-bottom:0\"><a href=\"https:\/\/spillbarrier.com\/es\/politica-de-privacidad\/\">Pol\u00edtica de privacidad<\/a><\/p>\n\n\n\n<p class=\"has-text-align-center has-ast-global-color-5-color has-text-color has-link-color has-small-font-size wp-elements-e74c2f706bf03bfa5a832eba57cfbf36 wp-block-paragraph\" style=\"margin-top:0px;margin-bottom:0px\"><a href=\"https:\/\/spillbarrier.com\/es\/aviso-legal\/\">Aviso legal<\/a><\/p>\n\n\n\n<p class=\"has-text-align-center has-ast-global-color-5-color has-text-color has-link-color has-small-font-size wp-elements-b5cbfb922f8a315252472ad3ca7c0143 wp-block-paragraph\" style=\"margin-top:0px;margin-bottom:0px\"><a href=\"https:\/\/spillbarrier.com\/es\/galeria\/\">Galer\u00eda<\/a><\/p>\n<\/div>\n\n\n\n<div class=\"wp-block-uagb-container uagb-block-fb36f6c7\">\n<ul class=\"wp-block-social-links has-large-icon-size has-icon-color has-icon-background-color is-nowrap is-layout-flex wp-container-core-social-links-is-layout-7387b849 wp-block-social-links-is-layout-flex\"><li style=\"color:var(--ast-global-color-5);background-color:var(--ast-global-color-0);\" class=\"wp-social-link wp-social-link-facebook has-ast-global-color-5-color has-ast-global-color-0-background-color wp-block-social-link\"><a href=\"https:\/\/www.facebook.com\/p\/anhamm-Liquid-Barrier-Products-61553802071456\/\" class=\"wp-block-social-link-anchor\" target=\"_blank\" rel=\"noopener\"><svg width=\"24\" height=\"24\" viewBox=\"0 0 24 24\" version=\"1.1\" xmlns=\"http:\/\/www.w3.org\/2000\/svg\" aria-hidden=\"true\" focusable=\"false\"><path d=\"M12 2C6.5 2 2 6.5 2 12c0 5 3.7 9.1 8.4 9.9v-7H7.9V12h2.5V9.8c0-2.5 1.5-3.9 3.8-3.9 1.1 0 2.2.2 2.2.2v2.5h-1.3c-1.2 0-1.6.8-1.6 1.6V12h2.8l-.4 2.9h-2.3v7C18.3 21.1 22 17 22 12c0-5.5-4.5-10-10-10z\"><\/path><\/svg><span class=\"wp-block-social-link-label screen-reader-text\">Facebook<\/span><\/a><\/li>\n\n<li style=\"color:var(--ast-global-color-5);background-color:var(--ast-global-color-0);\" class=\"wp-social-link wp-social-link-linkedin has-ast-global-color-5-color has-ast-global-color-0-background-color wp-block-social-link\"><a href=\"https:\/\/de.linkedin.com\/company\/anhamm-liquid-barrier-products-gmbh-llc\" class=\"wp-block-social-link-anchor\" target=\"_blank\" rel=\"noopener\"><svg width=\"24\" height=\"24\" viewBox=\"0 0 24 24\" version=\"1.1\" xmlns=\"http:\/\/www.w3.org\/2000\/svg\" aria-hidden=\"true\" focusable=\"false\"><path d=\"M19.7,3H4.3C3.582,3,3,3.582,3,4.3v15.4C3,20.418,3.582,21,4.3,21h15.4c0.718,0,1.3-0.582,1.3-1.3V4.3 C21,3.582,20.418,3,19.7,3z M8.339,18.338H5.667v-8.59h2.672V18.338z M7.004,8.574c-0.857,0-1.549-0.694-1.549-1.548 c0-0.855,0.691-1.548,1.549-1.548c0.854,0,1.547,0.694,1.547,1.548C8.551,7.881,7.858,8.574,7.004,8.574z M18.339,18.338h-2.669 v-4.177c0-0.996-0.017-2.278-1.387-2.278c-1.389,0-1.601,1.086-1.601,2.206v4.249h-2.667v-8.59h2.559v1.174h0.037 c0.356-0.675,1.227-1.387,2.526-1.387c2.703,0,3.203,1.779,3.203,4.092V18.338z\"><\/path><\/svg><span class=\"wp-block-social-link-label screen-reader-text\">LinkedIn<\/span><\/a><\/li>\n\n<li style=\"color:var(--ast-global-color-5);background-color:var(--ast-global-color-0);\" class=\"wp-social-link wp-social-link-youtube has-ast-global-color-5-color has-ast-global-color-0-background-color wp-block-social-link\"><a href=\"https:\/\/www.youtube.com\/@anhamm\/featured\" class=\"wp-block-social-link-anchor\" target=\"_blank\" rel=\"noopener\"><svg width=\"24\" height=\"24\" viewBox=\"0 0 24 24\" version=\"1.1\" xmlns=\"http:\/\/www.w3.org\/2000\/svg\" aria-hidden=\"true\" focusable=\"false\"><path d=\"M21.8,8.001c0,0-0.195-1.378-0.795-1.985c-0.76-0.797-1.613-0.801-2.004-0.847c-2.799-0.202-6.997-0.202-6.997-0.202 h-0.009c0,0-4.198,0-6.997,0.202C4.608,5.216,3.756,5.22,2.995,6.016C2.395,6.623,2.2,8.001,2.2,8.001S2,9.62,2,11.238v1.517 c0,1.618,0.2,3.237,0.2,3.237s0.195,1.378,0.795,1.985c0.761,0.797,1.76,0.771,2.205,0.855c1.6,0.153,6.8,0.201,6.8,0.201 s4.203-0.006,7.001-0.209c0.391-0.047,1.243-0.051,2.004-0.847c0.6-0.607,0.795-1.985,0.795-1.985s0.2-1.618,0.2-3.237v-1.517 C22,9.62,21.8,8.001,21.8,8.001z M9.935,14.594l-0.001-5.62l5.404,2.82L9.935,14.594z\"><\/path><\/svg><span class=\"wp-block-social-link-label screen-reader-text\">YouTube<\/span><\/a><\/li>\n\n<li style=\"color:var(--ast-global-color-5);background-color:var(--ast-global-color-0);\" class=\"wp-social-link wp-social-link-instagram has-ast-global-color-5-color has-ast-global-color-0-background-color wp-block-social-link\"><a href=\"https:\/\/www.instagram.com\/anhamm_usa\/\" class=\"wp-block-social-link-anchor\" target=\"_blank\" rel=\"noopener\"><svg width=\"24\" height=\"24\" viewBox=\"0 0 24 24\" version=\"1.1\" xmlns=\"http:\/\/www.w3.org\/2000\/svg\" aria-hidden=\"true\" focusable=\"false\"><path d=\"M12,4.622c2.403,0,2.688,0.009,3.637,0.052c0.877,0.04,1.354,0.187,1.671,0.31c0.42,0.163,0.72,0.358,1.035,0.673 c0.315,0.315,0.51,0.615,0.673,1.035c0.123,0.317,0.27,0.794,0.31,1.671c0.043,0.949,0.052,1.234,0.052,3.637 s-0.009,2.688-0.052,3.637c-0.04,0.877-0.187,1.354-0.31,1.671c-0.163,0.42-0.358,0.72-0.673,1.035 c-0.315,0.315-0.615,0.51-1.035,0.673c-0.317,0.123-0.794,0.27-1.671,0.31c-0.949,0.043-1.233,0.052-3.637,0.052 s-2.688-0.009-3.637-0.052c-0.877-0.04-1.354-0.187-1.671-0.31c-0.42-0.163-0.72-0.358-1.035-0.673 c-0.315-0.315-0.51-0.615-0.673-1.035c-0.123-0.317-0.27-0.794-0.31-1.671C4.631,14.688,4.622,14.403,4.622,12 s0.009-2.688,0.052-3.637c0.04-0.877,0.187-1.354,0.31-1.671c0.163-0.42,0.358-0.72,0.673-1.035 c0.315-0.315,0.615-0.51,1.035-0.673c0.317-0.123,0.794-0.27,1.671-0.31C9.312,4.631,9.597,4.622,12,4.622 M12,3 C9.556,3,9.249,3.01,8.289,3.054C7.331,3.098,6.677,3.25,6.105,3.472C5.513,3.702,5.011,4.01,4.511,4.511 c-0.5,0.5-0.808,1.002-1.038,1.594C3.25,6.677,3.098,7.331,3.054,8.289C3.01,9.249,3,9.556,3,12c0,2.444,0.01,2.751,0.054,3.711 c0.044,0.958,0.196,1.612,0.418,2.185c0.23,0.592,0.538,1.094,1.038,1.594c0.5,0.5,1.002,0.808,1.594,1.038 c0.572,0.222,1.227,0.375,2.185,0.418C9.249,20.99,9.556,21,12,21s2.751-0.01,3.711-0.054c0.958-0.044,1.612-0.196,2.185-0.418 c0.592-0.23,1.094-0.538,1.594-1.038c0.5-0.5,0.808-1.002,1.038-1.594c0.222-0.572,0.375-1.227,0.418-2.185 C20.99,14.751,21,14.444,21,12s-0.01-2.751-0.054-3.711c-0.044-0.958-0.196-1.612-0.418-2.185c-0.23-0.592-0.538-1.094-1.038-1.594 c-0.5-0.5-1.002-0.808-1.594-1.038c-0.572-0.222-1.227-0.375-2.185-0.418C14.751,3.01,14.444,3,12,3L12,3z M12,7.378 c-2.552,0-4.622,2.069-4.622,4.622S9.448,16.622,12,16.622s4.622-2.069,4.622-4.622S14.552,7.378,12,7.378z M12,15 c-1.657,0-3-1.343-3-3s1.343-3,3-3s3,1.343,3,3S13.657,15,12,15z M16.804,6.116c-0.596,0-1.08,0.484-1.08,1.08 s0.484,1.08,1.08,1.08c0.596,0,1.08-0.484,1.08-1.08S17.401,6.116,16.804,6.116z\"><\/path><\/svg><span class=\"wp-block-social-link-label screen-reader-text\">Instagram<\/span><\/a><\/li><\/ul>\n<\/div>\n<\/div><\/div>\n","protected":false},"excerpt":{"rendered":"<p>Aviso legal Anhamm Liquid Barrier Products LLC820 Lake Road, WebsterNY 14580-9008 Tel: +15855403050Correo electr\u00f3nico: info@spillbarrier.com Director Gerente:Esther Anhamm-Kmiecinski, Dipl.-Ing. (FH) [&hellip;]<\/p>\n","protected":false},"author":260543799,"featured_media":0,"parent":0,"menu_order":0,"comment_status":"closed","ping_status":"closed","template":"","meta":{"_crdt_document":"","_uag_custom_page_level_css":"","site-sidebar-layout":"default","site-content-layout":"","ast-site-content-layout":"default","site-content-style":"default","site-sidebar-style":"default","ast-global-header-display":"","ast-banner-title-visibility":"","ast-main-header-display":"","ast-hfb-above-header-display":"","ast-hfb-below-header-display":"","ast-hfb-mobile-header-display":"","site-post-title":"disabled","ast-breadcrumbs-content":"","ast-featured-img":"","footer-sml-layout":"","ast-disable-related-posts":"","theme-transparent-header-meta":"","adv-header-id-meta":"","stick-header-meta":"","header-above-stick-meta":"","header-main-stick-meta":"","header-below-stick-meta":"","astra-migrate-meta-layouts":"default","ast-page-background-enabled":"default","ast-page-background-meta":{"desktop":{"background-color":"var(--ast-global-color-4)","background-image":"","background-repeat":"repeat","background-position":"center center","background-size":"auto","background-attachment":"scroll","background-type":"","background-media":"","overlay-type":"","overlay-color":"","overlay-opacity":"","overlay-gradient":""},"tablet":{"background-color":"","background-image":"","background-repeat":"repeat","background-position":"center center","background-size":"auto","background-attachment":"scroll","background-type":"","background-media":"","overlay-type":"","overlay-color":"","overlay-opacity":"","overlay-gradient":""},"mobile":{"background-color":"","background-image":"","background-repeat":"repeat","background-position":"center center","background-size":"auto","background-attachment":"scroll","background-type":"","background-media":"","overlay-type":"","overlay-color":"","overlay-opacity":"","overlay-gradient":""}},"ast-content-background-meta":{"desktop":{"background-color":"var(--ast-global-color-5)","background-image":"","background-repeat":"repeat","background-position":"center center","background-size":"auto","background-attachment":"scroll","background-type":"","background-media":"","overlay-type":"","overlay-color":"","overlay-opacity":"","overlay-gradient":""},"tablet":{"background-color":"var(--ast-global-color-5)","background-image":"","background-repeat":"repeat","background-position":"center center","background-size":"auto","background-attachment":"scroll","background-type":"","background-media":"","overlay-type":"","overlay-color":"","overlay-opacity":"","overlay-gradient":""},"mobile":{"background-color":"var(--ast-global-color-5)","background-image":"","background-repeat":"repeat","background-position":"center center","background-size":"auto","background-attachment":"scroll","background-type":"","background-media":"","overlay-type":"","overlay-color":"","overlay-opacity":"","overlay-gradient":""}},"footnotes":""},"class_list":["post-5978","page","type-page","status-publish","hentry"],"uagb_featured_image_src":{"full":false,"thumbnail":false,"medium":false,"medium_large":false,"large":false,"1536x1536":false,"2048x2048":false},"uagb_author_info":{"display_name":"info01134e50ec6","author_link":"https:\/\/spillbarrier.com\/es\/author\/info01134e50ec6\/"},"uagb_comment_info":0,"uagb_excerpt":"Aviso legal Anhamm Liquid Barrier Products LLC820 Lake Road, WebsterNY 14580-9008 Tel: +15855403050Correo electr\u00f3nico: info@spillbarrier.com Director Gerente:Esther Anhamm-Kmiecinski, Dipl.-Ing. (FH) [&hellip;]","_links":{"self":[{"href":"https:\/\/spillbarrier.com\/es\/wp-json\/wp\/v2\/pages\/5978","targetHints":{"allow":["GET"]}}],"collection":[{"href":"https:\/\/spillbarrier.com\/es\/wp-json\/wp\/v2\/pages"}],"about":[{"href":"https:\/\/spillbarrier.com\/es\/wp-json\/wp\/v2\/types\/page"}],"author":[{"embeddable":true,"href":"https:\/\/spillbarrier.com\/es\/wp-json\/wp\/v2\/users\/260543799"}],"replies":[{"embeddable":true,"href":"https:\/\/spillbarrier.com\/es\/wp-json\/wp\/v2\/comments?post=5978"}],"version-history":[{"count":3,"href":"https:\/\/spillbarrier.com\/es\/wp-json\/wp\/v2\/pages\/5978\/revisions"}],"predecessor-version":[{"id":5986,"href":"https:\/\/spillbarrier.com\/es\/wp-json\/wp\/v2\/pages\/5978\/revisions\/5986"}],"wp:attachment":[{"href":"https:\/\/spillbarrier.com\/es\/wp-json\/wp\/v2\/media?parent=5978"}],"curies":[{"name":"wp","href":"https:\/\/api.w.org\/{rel}","templated":true}]}}